{"id":102,"date":"2015-11-23T19:40:36","date_gmt":"2015-11-23T17:40:36","guid":{"rendered":"http:\/\/77.240.19.8\/~fysioadmin\/fi\/?page_id=102"},"modified":"2025-04-24T15:07:21","modified_gmt":"2025-04-24T12:07:21","slug":"mdt-menetelma","status":"publish","type":"page","link":"https:\/\/www.fysiotjanst.fi\/fi\/fysioterapiapalvelut\/mdt-menetelma\/","title":{"rendered":"MDT-menetelm\u00e4"},"content":{"rendered":"<p>Mekaaninen Diagnostiikka ja Terapia kutsutaan my\u00f6s McKenzie-menetelm\u00e4ksi, menetelm\u00e4n perustajan Robin McKenzien mukaan.<\/p>\n<p>MDT-menetelm\u00e4 ja sen niska-, selk\u00e4- ja niveltutkimus on ainutlaatuinen, looginen ja perusteellinen. Terapeutti tiet\u00e4\u00e4 miten eri liikkeet vaikuttavat rangan ja raajojen kipuun ja liikeratoihin, ja osaa siten p\u00e4\u00e4tell\u00e4 mink\u00e4laisesta vaivasta on kyse. Tutkimusmenetelm\u00e4 on korkealaatuinen ja antaa sinulle tietoa kivun syyst\u00e4. On todettu ett\u00e4 MDT-tutkimuksesta saatu tieto vastaa MRI\u2019st\u00e4 (magneettikuvaus) saatuun tietoon, kun tavoitteena on l\u00f6yt\u00e4\u00e4 syy tavallisimpiin rankavaivoihin.<\/p>\n<h3>Autamme sinua auttamaan itse\u00e4si<\/h3>\n<p>Hoito koostuu helpoista liikkeist\u00e4, joita suoritetaan osana p\u00e4ivitt\u00e4ist\u00e4 el\u00e4m\u00e4\u00e4. P\u00e4\u00e4tavoitteena on est\u00e4\u00e4 uusien kipuepisodien syntymist\u00e4. Menetelm\u00e4n avulla opit hoitamaan ongelman itse, etk\u00e4 ole en\u00e4\u00e4 jatkossa riippuvainen ulkopuolisesta hoidosta ja k\u00e4sittelyst\u00e4.<\/p>\n<p>Vaadi ammattimainen hoito niska- ja selk\u00e4vaivoillesi, sen voi antaa fysioterapeutti jolla on MDT- tutkinto. Paraisten Fysiopalvelun henkil\u00f6kunnasta Susanna on suorittanut kansallisen tutkinnon (Cert.MDT) ja Johanna on suorittanut kansainv\u00e4lisen tutkinnon (DIP.MDT).<br \/>Linkki: <a href=\"http:\/\/www.mckenzieinstitutesuomi.org\" target=\"_blank\" rel=\"noopener\">www.mckenzieinstitutesuomi.org<\/a><\/p>\n\n\n<p><\/p>\n","protected":false},"excerpt":{"rendered":"<p>Mekaaninen Diagnostiikka ja Terapia kutsutaan my\u00f6s McKenzie-menetelm\u00e4ksi, menetelm\u00e4n perustajan Robin McKenzien mukaan. MDT-menetelm\u00e4 ja sen niska-, selk\u00e4- ja niveltutkimus on ainutlaatuinen, looginen ja perusteellinen. Terapeutti tiet\u00e4\u00e4 miten eri liikkeet vaikuttavat rangan ja raajojen kipuun ja liikeratoihin, ja osaa siten p\u00e4\u00e4tell\u00e4 mink\u00e4laisesta vaivasta on kyse. Tutkimusmenetelm\u00e4 on korkealaatuinen ja antaa sinulle tietoa kivun syyst\u00e4. On todettu [&hellip;]<\/p>\n","protected":false},"author":1,"featured_media":0,"parent":14,"menu_order":0,"comment_status":"closed","ping_status":"closed","template":"","meta":{"_uag_custom_page_level_css":"","site-sidebar-layout":"default","site-content-layout":"default","ast-site-content-layout":"default","site-content-style":"default","site-sidebar-style":"default","ast-global-header-display":"","ast-banner-title-visibility":"","ast-main-header-display":"","ast-hfb-above-header-display":"","ast-hfb-below-header-display":"","ast-hfb-mobile-header-display":"","site-post-title":"","ast-breadcrumbs-content":"","ast-featured-img":"","footer-sml-layout":"","ast-disable-related-posts":"","theme-transparent-header-meta":"default","adv-header-id-meta":"","stick-header-meta":"default","header-above-stick-meta":"","header-main-stick-meta":"","header-below-stick-meta":"","astra-migrate-meta-layouts":"set","ast-page-background-enabled":"default","ast-page-background-meta":{"desktop":{"background-color":"","background-image":"","background-repeat":"repeat","background-position":"center center","background-size":"auto","background-attachment":"scroll","background-type":"","background-media":"","overlay-type":"","overlay-color":"","overlay-opacity":"","overlay-gradient":""},"tablet":{"background-color":"","background-image":"","background-repeat":"repeat","background-position":"center center","background-size":"auto","background-attachment":"scroll","background-type":"","background-media":"","overlay-type":"","overlay-color":"","overlay-opacity":"","overlay-gradient":""},"mobile":{"background-color":"","background-image":"","background-repeat":"repeat","background-position":"center center","background-size":"auto","background-attachment":"scroll","background-type":"","background-media":"","overlay-type":"","overlay-color":"","overlay-opacity":"","overlay-gradient":""}},"ast-content-background-meta":{"desktop":{"background-color":"var(--ast-global-color-5)","background-image":"","background-repeat":"repeat","background-position":"center center","background-size":"auto","background-attachment":"scroll","background-type":"","background-media":"","overlay-type":"","overlay-color":"","overlay-opacity":"","overlay-gradient":""},"tablet":{"background-color":"var(--ast-global-color-5)","background-image":"","background-repeat":"repeat","background-position":"center center","background-size":"auto","background-attachment":"scroll","background-type":"","background-media":"","overlay-type":"","overlay-color":"","overlay-opacity":"","overlay-gradient":""},"mobile":{"background-color":"var(--ast-global-color-5)","background-image":"","background-repeat":"repeat","background-position":"center center","background-size":"auto","background-attachment":"scroll","background-type":"","background-media":"","overlay-type":"","overlay-color":"","overlay-opacity":"","overlay-gradient":""}},"footnotes":""},"class_list":["post-102","page","type-page","status-publish","hentry"],"uagb_featured_image_src":{"full":false,"thumbnail":false,"medium":false,"medium_large":false,"large":false,"1536x1536":false,"2048x2048":false},"uagb_author_info":{"display_name":"Frank","author_link":"https:\/\/www.fysiotjanst.fi\/fi\/author\/dzfrank\/"},"uagb_comment_info":0,"uagb_excerpt":"Mekaaninen Diagnostiikka ja Terapia kutsutaan my\u00f6s McKenzie-menetelm\u00e4ksi, menetelm\u00e4n perustajan Robin McKenzien mukaan. MDT-menetelm\u00e4 ja sen niska-, selk\u00e4- ja niveltutkimus on ainutlaatuinen, looginen ja perusteellinen. Terapeutti tiet\u00e4\u00e4 miten eri liikkeet vaikuttavat rangan ja raajojen kipuun ja liikeratoihin, ja osaa siten p\u00e4\u00e4tell\u00e4 mink\u00e4laisesta vaivasta on kyse. Tutkimusmenetelm\u00e4 on korkealaatuinen ja antaa sinulle tietoa kivun syyst\u00e4. On todettu&hellip;","_links":{"self":[{"href":"https:\/\/www.fysiotjanst.fi\/fi\/wp-json\/wp\/v2\/pages\/102","targetHints":{"allow":["GET"]}}],"collection":[{"href":"https:\/\/www.fysiotjanst.fi\/fi\/wp-json\/wp\/v2\/pages"}],"about":[{"href":"https:\/\/www.fysiotjanst.fi\/fi\/wp-json\/wp\/v2\/types\/page"}],"author":[{"embeddable":true,"href":"https:\/\/www.fysiotjanst.fi\/fi\/wp-json\/wp\/v2\/users\/1"}],"replies":[{"embeddable":true,"href":"https:\/\/www.fysiotjanst.fi\/fi\/wp-json\/wp\/v2\/comments?post=102"}],"version-history":[{"count":3,"href":"https:\/\/www.fysiotjanst.fi\/fi\/wp-json\/wp\/v2\/pages\/102\/revisions"}],"predecessor-version":[{"id":1593,"href":"https:\/\/www.fysiotjanst.fi\/fi\/wp-json\/wp\/v2\/pages\/102\/revisions\/1593"}],"up":[{"embeddable":true,"href":"https:\/\/www.fysiotjanst.fi\/fi\/wp-json\/wp\/v2\/pages\/14"}],"wp:attachment":[{"href":"https:\/\/www.fysiotjanst.fi\/fi\/wp-json\/wp\/v2\/media?parent=102"}],"curies":[{"name":"wp","href":"https:\/\/api.w.org\/{rel}","templated":true}]}}