{"id":106,"date":"2015-11-23T19:44:15","date_gmt":"2015-11-23T17:44:15","guid":{"rendered":"http:\/\/77.240.19.8\/~fysioadmin\/fi\/?page_id=106"},"modified":"2023-02-16T14:07:20","modified_gmt":"2023-02-16T12:07:20","slug":"lymfaterapia","status":"publish","type":"page","link":"https:\/\/www.fysiotjanst.fi\/fi\/fysioterapiapalvelut\/lymfaterapia\/","title":{"rendered":"Lymfaterapia"},"content":{"rendered":"<p>Lymfaterapia ja sen ensisijainen tarkoitus on aktivoida imusolmukkeet ja imusuonisto. Lymfaterapia on kevyt ja lempe\u00e4 hoito. Sile\u00e4 ja rytminen k\u00e4sittely (manuaalinen lymfaterapia) seuraa imusuonten omaa pumppausrytmi\u00e4. Lymfak\u00e4sittely v\u00e4hent\u00e4\u00e4 nesteen kertymist\u00e4 kudoksiin, mik\u00e4 v\u00e4hent\u00e4\u00e4 turvotusta, lievitt\u00e4\u00e4 kipua ja rentouttaa<\/p>\n<p>Lymfaterapia on olennainen osa turvotuksen hoitoa. Hoitoon kuuluu my\u00f6s kompressiohoito, liikehoito sek\u00e4 ihon hoito. Lymfaterapiaa voidaan antaa joko yksitt\u00e4isen\u00e4 hoitomuotona tai yhdist\u00e4\u00e4 muuhun fysioterapiaan. Lymfaterapia on er\u00e4\u00e4nlaista ennalta ehk\u00e4isev\u00e4\u00e4 terveydenhoitoa, jota voidaan antaa ilman l\u00e4\u00e4k\u00e4rin l\u00e4hetett\u00e4.<\/p>\n<p>Lymfaterapia vaatii yleens\u00e4 suhteellisen pitk\u00e4n hoitojakson ja se on hyvin intensiivist\u00e4. Hoitokerta kest\u00e4\u00e4 keskim\u00e4\u00e4rin tunnin.<\/p>\n<h3>Lymfaterapia ja sen k\u00e4ytt\u00f6alueita:<\/h3>\n<ul>\n<li>Turvotus\n<ul>\n<li>sy\u00f6p\u00e4leikkauksen j\u00e4lkeinen turvotus<\/li>\n<li>turvotus s\u00e4dehoidon j\u00e4lkeen<\/li>\n<li>turvotus leikkauksen j\u00e4lkeen<\/li>\n<li>turvotus raskauden aikana<\/li>\n<li>turvotus ruusuinfektion j\u00e4lkeen<\/li>\n<\/ul>\n<\/li>\n<\/ul>\n<ul>\n<li>Murtumat, nyrj\u00e4hdykset, lihasrev\u00e4hdykset<\/li>\n<li>Palovammat ja arvet<\/li>\n<li>Nivelreuma, nivelkuluma tai nivelrikko, fibromyalgia, ruusu<\/li>\n<li>S\u00e4\u00e4rihaavat<\/li>\n<\/ul>\n<p>Lymfaterapian vastaaiheita:<\/p>\n<p>\u2022 Akuutti infektio<br \/>\n\u2022 Syv\u00e4 laskimotukos (v\u00e4hemm\u00e4n kuin 1 kk todentamisesta)<br \/>\n\u2022 pahanlaatuiset kasvaimet, kun hoito on k\u00e4ynniss\u00e4<\/p>\n<p>Lymfaterapeutti Paraisten Fysiopalvelussa on Susanna Lindblom. H\u00e4n on k\u00e4ynyt LYKO-koulutuksen ( lymfahoidon kokonaisuus) joka on KELA:n hyv\u00e4ksym\u00e4.<\/p>\n","protected":false},"excerpt":{"rendered":"<p>Lymfaterapia ja sen ensisijainen tarkoitus on aktivoida imusolmukkeet ja imusuonisto. Lymfaterapia on kevyt ja lempe\u00e4 hoito. Sile\u00e4 ja rytminen k\u00e4sittely (manuaalinen lymfaterapia) seuraa imusuonten omaa pumppausrytmi\u00e4. Lymfak\u00e4sittely v\u00e4hent\u00e4\u00e4 nesteen kertymist\u00e4 kudoksiin, mik\u00e4 v\u00e4hent\u00e4\u00e4 turvotusta, lievitt\u00e4\u00e4 kipua ja rentouttaa Lymfaterapia on olennainen osa turvotuksen hoitoa. Hoitoon kuuluu my\u00f6s kompressiohoito, liikehoito sek\u00e4 ihon hoito. Lymfaterapiaa voidaan antaa [&hellip;]<\/p>\n","protected":false},"author":1,"featured_media":0,"parent":14,"menu_order":2,"comment_status":"closed","ping_status":"closed","template":"","meta":{"_uag_custom_page_level_css":"","site-sidebar-layout":"default","site-content-layout":"","ast-site-content-layout":"default","site-content-style":"default","site-sidebar-style":"default","ast-global-header-display":"","ast-banner-title-visibility":"","ast-main-header-display":"","ast-hfb-above-header-display":"","ast-hfb-below-header-display":"","ast-hfb-mobile-header-display":"","site-post-title":"","ast-breadcrumbs-content":"","ast-featured-img":"","footer-sml-layout":"","ast-disable-related-posts":"","theme-transparent-header-meta":"","adv-header-id-meta":"","stick-header-meta":"","header-above-stick-meta":"","header-main-stick-meta":"","header-below-stick-meta":"","astra-migrate-meta-layouts":"default","ast-page-background-enabled":"default","ast-page-background-meta":{"desktop":{"background-color":"","background-image":"","background-repeat":"repeat","background-position":"center center","background-size":"auto","background-attachment":"scroll","background-type":"","background-media":"","overlay-type":"","overlay-color":"","overlay-opacity":"","overlay-gradient":""},"tablet":{"background-color":"","background-image":"","background-repeat":"repeat","background-position":"center center","background-size":"auto","background-attachment":"scroll","background-type":"","background-media":"","overlay-type":"","overlay-color":"","overlay-opacity":"","overlay-gradient":""},"mobile":{"background-color":"","background-image":"","background-repeat":"repeat","background-position":"center center","background-size":"auto","background-attachment":"scroll","background-type":"","background-media":"","overlay-type":"","overlay-color":"","overlay-opacity":"","overlay-gradient":""}},"ast-content-background-meta":{"desktop":{"background-color":"var(--ast-global-color-5)","background-image":"","background-repeat":"repeat","background-position":"center center","background-size":"auto","background-attachment":"scroll","background-type":"","background-media":"","overlay-type":"","overlay-color":"","overlay-opacity":"","overlay-gradient":""},"tablet":{"background-color":"var(--ast-global-color-5)","background-image":"","background-repeat":"repeat","background-position":"center center","background-size":"auto","background-attachment":"scroll","background-type":"","background-media":"","overlay-type":"","overlay-color":"","overlay-opacity":"","overlay-gradient":""},"mobile":{"background-color":"var(--ast-global-color-5)","background-image":"","background-repeat":"repeat","background-position":"center center","background-size":"auto","background-attachment":"scroll","background-type":"","background-media":"","overlay-type":"","overlay-color":"","overlay-opacity":"","overlay-gradient":""}},"footnotes":""},"class_list":["post-106","page","type-page","status-publish","hentry"],"uagb_featured_image_src":{"full":false,"thumbnail":false,"medium":false,"medium_large":false,"large":false,"1536x1536":false,"2048x2048":false},"uagb_author_info":{"display_name":"Frank","author_link":"https:\/\/www.fysiotjanst.fi\/fi\/author\/dzfrank\/"},"uagb_comment_info":0,"uagb_excerpt":"Lymfaterapia ja sen ensisijainen tarkoitus on aktivoida imusolmukkeet ja imusuonisto. Lymfaterapia on kevyt ja lempe\u00e4 hoito. Sile\u00e4 ja rytminen k\u00e4sittely (manuaalinen lymfaterapia) seuraa imusuonten omaa pumppausrytmi\u00e4. Lymfak\u00e4sittely v\u00e4hent\u00e4\u00e4 nesteen kertymist\u00e4 kudoksiin, mik\u00e4 v\u00e4hent\u00e4\u00e4 turvotusta, lievitt\u00e4\u00e4 kipua ja rentouttaa Lymfaterapia on olennainen osa turvotuksen hoitoa. Hoitoon kuuluu my\u00f6s kompressiohoito, liikehoito sek\u00e4 ihon hoito. Lymfaterapiaa voidaan antaa&hellip;","_links":{"self":[{"href":"https:\/\/www.fysiotjanst.fi\/fi\/wp-json\/wp\/v2\/pages\/106","targetHints":{"allow":["GET"]}}],"collection":[{"href":"https:\/\/www.fysiotjanst.fi\/fi\/wp-json\/wp\/v2\/pages"}],"about":[{"href":"https:\/\/www.fysiotjanst.fi\/fi\/wp-json\/wp\/v2\/types\/page"}],"author":[{"embeddable":true,"href":"https:\/\/www.fysiotjanst.fi\/fi\/wp-json\/wp\/v2\/users\/1"}],"replies":[{"embeddable":true,"href":"https:\/\/www.fysiotjanst.fi\/fi\/wp-json\/wp\/v2\/comments?post=106"}],"version-history":[{"count":2,"href":"https:\/\/www.fysiotjanst.fi\/fi\/wp-json\/wp\/v2\/pages\/106\/revisions"}],"predecessor-version":[{"id":1339,"href":"https:\/\/www.fysiotjanst.fi\/fi\/wp-json\/wp\/v2\/pages\/106\/revisions\/1339"}],"up":[{"embeddable":true,"href":"https:\/\/www.fysiotjanst.fi\/fi\/wp-json\/wp\/v2\/pages\/14"}],"wp:attachment":[{"href":"https:\/\/www.fysiotjanst.fi\/fi\/wp-json\/wp\/v2\/media?parent=106"}],"curies":[{"name":"wp","href":"https:\/\/api.w.org\/{rel}","templated":true}]}}