{"id":1111,"date":"2021-02-22T09:39:19","date_gmt":"2021-02-22T07:39:19","guid":{"rendered":"https:\/\/www.fysiotjanst.fi\/?page_id=1111"},"modified":"2021-02-22T09:51:38","modified_gmt":"2021-02-22T07:51:38","slug":"ikaantyvien-fysioterapia","status":"publish","type":"page","link":"https:\/\/www.fysiotjanst.fi\/fi\/fysioterapiapalvelut\/ikaantyvien-fysioterapia\/","title":{"rendered":"Ik\u00e4\u00e4ntyvien fysioterapia"},"content":{"rendered":"\n<p>Ik\u00e4ihmisten toimintakyky arjen askareissa ja kokonaisvaltainen hyvinvointi ovat t\u00e4rkeit\u00e4 asioita sek\u00e4 asiakkaalle ett\u00e4 h\u00e4nen l\u00e4heisilleen. Omatoimisuus ja liikuntakyky vaikuttavat kotona p\u00e4rj\u00e4\u00e4miseen, ja niiden yll\u00e4pit\u00e4miseen kannattaa panostaa.<\/p>\n\n\n\n<p>Hoitoon voi hakeutua ennaltaehk\u00e4isev\u00e4ss\u00e4 mieless\u00e4 ennen kuin toimintakyky laskee ja lihasvoimat heikkenev\u00e4t. Jos p\u00e4ivitt\u00e4iset toiminnot tuntuvat jo hankalilta tai yleinen jaksaminen on esim. pidemm\u00e4n sairastelujakson j\u00e4lkeen alentunut, fysioterapiasta on apua.<\/p>\n\n\n\n<p>Kartoitus voidaan toteuttaa tarvittaessa.<\/p>\n\n\n\n<p><strong>Ik\u00e4\u00e4ntyv\u00e4n kotikartoitus sis\u00e4lt\u00e4\u00e4 asiakkaan haastattelun, kunto\/toimintakyvyn arvioimisen mittausten avulla ja asuinymp\u00e4rist\u00f6n kartoituksen (esim. kaatumisriskin minimoiminen, apuv\u00e4linetarve), joiden perusteella laaditaan yksil\u00f6llinen fysioterapiasuunnitelma.<\/strong><\/p>\n\n\n\n<p>Tavoitteena on edist\u00e4\u00e4 sujuvampaa ja omatoimisempaa el\u00e4m\u00e4\u00e4 kotona sek\u00e4 aktivoida asiakasta liikkumaan turvallisesti. Otamme huomioon el\u00e4m\u00e4ntilanteen, terveydentilan sek\u00e4 toimintakyvyn. Voimme j\u00e4rjest\u00e4\u00e4 toiveen mukaan fysioterapiaa kotona, ulkona tai vastaanotolla.<\/p>\n","protected":false},"excerpt":{"rendered":"<p>Ik\u00e4ihmisten toimintakyky arjen askareissa ja kokonaisvaltainen hyvinvointi ovat t\u00e4rkeit\u00e4 asioita sek\u00e4 asiakkaalle ett\u00e4 h\u00e4nen l\u00e4heisilleen. Omatoimisuus ja liikuntakyky vaikuttavat kotona p\u00e4rj\u00e4\u00e4miseen, ja niiden yll\u00e4pit\u00e4miseen kannattaa panostaa. Hoitoon voi hakeutua ennaltaehk\u00e4isev\u00e4ss\u00e4 mieless\u00e4 ennen kuin toimintakyky laskee ja lihasvoimat heikkenev\u00e4t. Jos p\u00e4ivitt\u00e4iset toiminnot tuntuvat jo hankalilta tai yleinen jaksaminen on esim. pidemm\u00e4n sairastelujakson j\u00e4lkeen alentunut, fysioterapiasta on [&hellip;]<\/p>\n","protected":false},"author":2,"featured_media":0,"parent":14,"menu_order":0,"comment_status":"closed","ping_status":"closed","template":"","meta":{"_uag_custom_page_level_css":"","site-sidebar-layout":"default","site-content-layout":"default","ast-site-content-layout":"default","site-content-style":"default","site-sidebar-style":"default","ast-global-header-display":"","ast-banner-title-visibility":"","ast-main-header-display":"","ast-hfb-above-header-display":"","ast-hfb-below-header-display":"","ast-hfb-mobile-header-display":"","site-post-title":"","ast-breadcrumbs-content":"","ast-featured-img":"","footer-sml-layout":"","ast-disable-related-posts":"","theme-transparent-header-meta":"default","adv-header-id-meta":"","stick-header-meta":"default","header-above-stick-meta":"","header-main-stick-meta":"","header-below-stick-meta":"","astra-migrate-meta-layouts":"default","ast-page-background-enabled":"default","ast-page-background-meta":{"desktop":{"background-color":"","background-image":"","background-repeat":"repeat","background-position":"center center","background-size":"auto","background-attachment":"scroll","background-type":"","background-media":"","overlay-type":"","overlay-color":"","overlay-opacity":"","overlay-gradient":""},"tablet":{"background-color":"","background-image":"","background-repeat":"repeat","background-position":"center center","background-size":"auto","background-attachment":"scroll","background-type":"","background-media":"","overlay-type":"","overlay-color":"","overlay-opacity":"","overlay-gradient":""},"mobile":{"background-color":"","background-image":"","background-repeat":"repeat","background-position":"center center","background-size":"auto","background-attachment":"scroll","background-type":"","background-media":"","overlay-type":"","overlay-color":"","overlay-opacity":"","overlay-gradient":""}},"ast-content-background-meta":{"desktop":{"background-color":"var(--ast-global-color-5)","background-image":"","background-repeat":"repeat","background-position":"center center","background-size":"auto","background-attachment":"scroll","background-type":"","background-media":"","overlay-type":"","overlay-color":"","overlay-opacity":"","overlay-gradient":""},"tablet":{"background-color":"var(--ast-global-color-5)","background-image":"","background-repeat":"repeat","background-position":"center center","background-size":"auto","background-attachment":"scroll","background-type":"","background-media":"","overlay-type":"","overlay-color":"","overlay-opacity":"","overlay-gradient":""},"mobile":{"background-color":"var(--ast-global-color-5)","background-image":"","background-repeat":"repeat","background-position":"center center","background-size":"auto","background-attachment":"scroll","background-type":"","background-media":"","overlay-type":"","overlay-color":"","overlay-opacity":"","overlay-gradient":""}},"footnotes":""},"class_list":["post-1111","page","type-page","status-publish","hentry"],"uagb_featured_image_src":{"full":false,"thumbnail":false,"medium":false,"medium_large":false,"large":false,"1536x1536":false,"2048x2048":false},"uagb_author_info":{"display_name":"Pargas Fysiotj\u00e4nst","author_link":"https:\/\/www.fysiotjanst.fi\/fi\/author\/pafy\/"},"uagb_comment_info":0,"uagb_excerpt":"Ik\u00e4ihmisten toimintakyky arjen askareissa ja kokonaisvaltainen hyvinvointi ovat t\u00e4rkeit\u00e4 asioita sek\u00e4 asiakkaalle ett\u00e4 h\u00e4nen l\u00e4heisilleen. Omatoimisuus ja liikuntakyky vaikuttavat kotona p\u00e4rj\u00e4\u00e4miseen, ja niiden yll\u00e4pit\u00e4miseen kannattaa panostaa. Hoitoon voi hakeutua ennaltaehk\u00e4isev\u00e4ss\u00e4 mieless\u00e4 ennen kuin toimintakyky laskee ja lihasvoimat heikkenev\u00e4t. Jos p\u00e4ivitt\u00e4iset toiminnot tuntuvat jo hankalilta tai yleinen jaksaminen on esim. pidemm\u00e4n sairastelujakson j\u00e4lkeen alentunut, fysioterapiasta on&hellip;","_links":{"self":[{"href":"https:\/\/www.fysiotjanst.fi\/fi\/wp-json\/wp\/v2\/pages\/1111","targetHints":{"allow":["GET"]}}],"collection":[{"href":"https:\/\/www.fysiotjanst.fi\/fi\/wp-json\/wp\/v2\/pages"}],"about":[{"href":"https:\/\/www.fysiotjanst.fi\/fi\/wp-json\/wp\/v2\/types\/page"}],"author":[{"embeddable":true,"href":"https:\/\/www.fysiotjanst.fi\/fi\/wp-json\/wp\/v2\/users\/2"}],"replies":[{"embeddable":true,"href":"https:\/\/www.fysiotjanst.fi\/fi\/wp-json\/wp\/v2\/comments?post=1111"}],"version-history":[{"count":0,"href":"https:\/\/www.fysiotjanst.fi\/fi\/wp-json\/wp\/v2\/pages\/1111\/revisions"}],"up":[{"embeddable":true,"href":"https:\/\/www.fysiotjanst.fi\/fi\/wp-json\/wp\/v2\/pages\/14"}],"wp:attachment":[{"href":"https:\/\/www.fysiotjanst.fi\/fi\/wp-json\/wp\/v2\/media?parent=1111"}],"curies":[{"name":"wp","href":"https:\/\/api.w.org\/{rel}","templated":true}]}}