{"id":129,"date":"2015-12-29T09:22:53","date_gmt":"2015-12-29T07:22:53","guid":{"rendered":"http:\/\/77.240.19.8\/~fysioadmin\/fi\/?page_id=129"},"modified":"2017-10-13T12:14:23","modified_gmt":"2017-10-13T09:14:23","slug":"tyofysioterapia","status":"publish","type":"page","link":"https:\/\/www.fysiotjanst.fi\/fi\/fysioterapiapalvelut\/tyofysioterapia\/","title":{"rendered":"Ty\u00f6fysioterapia"},"content":{"rendered":"<p>Ty\u00f6fysioterapeutti toimii yhteisty\u00f6ss\u00e4 ty\u00f6terveyshuollon ja ty\u00f6paikan kanssa tukien ty\u00f6ntekij\u00f6iden fyysist\u00e4 ty\u00f6- ja toimintakyky\u00e4. Ty\u00f6fysioterapeutin toimenkuvaan kuuluu ensisijaisesti ennaltaehk\u00e4isev\u00e4 toiminta, eli ty\u00f6ergonomia, joka voi kohdistua yksitt\u00e4iseen ty\u00f6ntekij\u00e4\u00e4n, kokonaisiin ty\u00f6yhteis\u00f6ihin ja ty\u00f6olosuhteisiin.<\/p>\n<p>Ty\u00f6fysioterapian tavoitteena on hyvinvoiva ja ty\u00f6kykyinen ty\u00f6ntekij\u00e4, viihtyis\u00e4 ja turvallinen ty\u00f6ymp\u00e4rist\u00f6 sek\u00e4 toimiva ja tuottava ty\u00f6yhteis\u00f6. Ty\u00f6fysioterapia on osa lakiin perustuvaa ty\u00f6terveyshuoltoa.<\/p>\n<p>Paraisten Fysiopalvelussa Mariella Ramstedt on erikoistunut ty\u00f6fysioterapiaan.<\/p>\n<p>H\u00e4n tekee ty\u00f6paikkak\u00e4yntej\u00e4 ja pit\u00e4\u00e4 luentoja hyv\u00e4st\u00e4 ty\u00f6ergonomiasta.<\/p>\n<figure id=\"attachment_456\" aria-describedby=\"caption-attachment-456\" style=\"width: 200px\" class=\"wp-caption alignnone\"><a href=\"http:\/\/www.fysiotjanst.fi\/wp-content\/uploads\/2015\/12\/FYSIOTJ\u00c4NST-WEB-10.jpg\"><img loading=\"lazy\" decoding=\"async\" class=\"size-medium wp-image-456\" src=\"http:\/\/www.fysiotjanst.fi\/wp-content\/uploads\/2015\/12\/FYSIOTJ\u00c4NST-WEB-10-200x300.jpg\" alt=\"\" width=\"200\" height=\"300\" srcset=\"https:\/\/www.fysiotjanst.fi\/wp-content\/uploads\/2015\/12\/FYSIOTJ\u00c4NST-WEB-10-200x300.jpg 200w, https:\/\/www.fysiotjanst.fi\/wp-content\/uploads\/2015\/12\/FYSIOTJ\u00c4NST-WEB-10-768x1152.jpg 768w, https:\/\/www.fysiotjanst.fi\/wp-content\/uploads\/2015\/12\/FYSIOTJ\u00c4NST-WEB-10-683x1024.jpg 683w, https:\/\/www.fysiotjanst.fi\/wp-content\/uploads\/2015\/12\/FYSIOTJ\u00c4NST-WEB-10.jpg 800w\" sizes=\"auto, (max-width: 200px) 100vw, 200px\" \/><\/a><figcaption id=\"caption-attachment-456\" class=\"wp-caption-text\">Mariella Ramstedt<br \/>Ty\u00f6fysioterapeutti<\/figcaption><\/figure>\n","protected":false},"excerpt":{"rendered":"<p>Ty\u00f6fysioterapeutti toimii yhteisty\u00f6ss\u00e4 ty\u00f6terveyshuollon ja ty\u00f6paikan kanssa tukien ty\u00f6ntekij\u00f6iden fyysist\u00e4 ty\u00f6- ja toimintakyky\u00e4. Ty\u00f6fysioterapeutin toimenkuvaan kuuluu ensisijaisesti ennaltaehk\u00e4isev\u00e4 toiminta, eli ty\u00f6ergonomia, joka voi kohdistua yksitt\u00e4iseen ty\u00f6ntekij\u00e4\u00e4n, kokonaisiin ty\u00f6yhteis\u00f6ihin ja ty\u00f6olosuhteisiin. Ty\u00f6fysioterapian tavoitteena on hyvinvoiva ja ty\u00f6kykyinen ty\u00f6ntekij\u00e4, viihtyis\u00e4 ja turvallinen ty\u00f6ymp\u00e4rist\u00f6 sek\u00e4 toimiva ja tuottava ty\u00f6yhteis\u00f6. Ty\u00f6fysioterapia on osa lakiin perustuvaa ty\u00f6terveyshuoltoa. Paraisten Fysiopalvelussa Mariella [&hellip;]<\/p>\n","protected":false},"author":1,"featured_media":0,"parent":14,"menu_order":0,"comment_status":"closed","ping_status":"closed","template":"","meta":{"_uag_custom_page_level_css":"","site-sidebar-layout":"default","site-content-layout":"","ast-site-content-layout":"default","site-content-style":"default","site-sidebar-style":"default","ast-global-header-display":"","ast-banner-title-visibility":"","ast-main-header-display":"","ast-hfb-above-header-display":"","ast-hfb-below-header-display":"","ast-hfb-mobile-header-display":"","site-post-title":"","ast-breadcrumbs-content":"","ast-featured-img":"","footer-sml-layout":"","ast-disable-related-posts":"","theme-transparent-header-meta":"","adv-header-id-meta":"","stick-header-meta":"","header-above-stick-meta":"","header-main-stick-meta":"","header-below-stick-meta":"","astra-migrate-meta-layouts":"default","ast-page-background-enabled":"default","ast-page-background-meta":{"desktop":{"background-color":"","background-image":"","background-repeat":"repeat","background-position":"center center","background-size":"auto","background-attachment":"scroll","background-type":"","background-media":"","overlay-type":"","overlay-color":"","overlay-opacity":"","overlay-gradient":""},"tablet":{"background-color":"","background-image":"","background-repeat":"repeat","background-position":"center center","background-size":"auto","background-attachment":"scroll","background-type":"","background-media":"","overlay-type":"","overlay-color":"","overlay-opacity":"","overlay-gradient":""},"mobile":{"background-color":"","background-image":"","background-repeat":"repeat","background-position":"center center","background-size":"auto","background-attachment":"scroll","background-type":"","background-media":"","overlay-type":"","overlay-color":"","overlay-opacity":"","overlay-gradient":""}},"ast-content-background-meta":{"desktop":{"background-color":"var(--ast-global-color-5)","background-image":"","background-repeat":"repeat","background-position":"center center","background-size":"auto","background-attachment":"scroll","background-type":"","background-media":"","overlay-type":"","overlay-color":"","overlay-opacity":"","overlay-gradient":""},"tablet":{"background-color":"var(--ast-global-color-5)","background-image":"","background-repeat":"repeat","background-position":"center center","background-size":"auto","background-attachment":"scroll","background-type":"","background-media":"","overlay-type":"","overlay-color":"","overlay-opacity":"","overlay-gradient":""},"mobile":{"background-color":"var(--ast-global-color-5)","background-image":"","background-repeat":"repeat","background-position":"center center","background-size":"auto","background-attachment":"scroll","background-type":"","background-media":"","overlay-type":"","overlay-color":"","overlay-opacity":"","overlay-gradient":""}},"footnotes":""},"class_list":["post-129","page","type-page","status-publish","hentry"],"uagb_featured_image_src":{"full":false,"thumbnail":false,"medium":false,"medium_large":false,"large":false,"1536x1536":false,"2048x2048":false},"uagb_author_info":{"display_name":"Frank","author_link":"https:\/\/www.fysiotjanst.fi\/fi\/author\/dzfrank\/"},"uagb_comment_info":0,"uagb_excerpt":"Ty\u00f6fysioterapeutti toimii yhteisty\u00f6ss\u00e4 ty\u00f6terveyshuollon ja ty\u00f6paikan kanssa tukien ty\u00f6ntekij\u00f6iden fyysist\u00e4 ty\u00f6- ja toimintakyky\u00e4. Ty\u00f6fysioterapeutin toimenkuvaan kuuluu ensisijaisesti ennaltaehk\u00e4isev\u00e4 toiminta, eli ty\u00f6ergonomia, joka voi kohdistua yksitt\u00e4iseen ty\u00f6ntekij\u00e4\u00e4n, kokonaisiin ty\u00f6yhteis\u00f6ihin ja ty\u00f6olosuhteisiin. Ty\u00f6fysioterapian tavoitteena on hyvinvoiva ja ty\u00f6kykyinen ty\u00f6ntekij\u00e4, viihtyis\u00e4 ja turvallinen ty\u00f6ymp\u00e4rist\u00f6 sek\u00e4 toimiva ja tuottava ty\u00f6yhteis\u00f6. Ty\u00f6fysioterapia on osa lakiin perustuvaa ty\u00f6terveyshuoltoa. Paraisten Fysiopalvelussa Mariella&hellip;","_links":{"self":[{"href":"https:\/\/www.fysiotjanst.fi\/fi\/wp-json\/wp\/v2\/pages\/129","targetHints":{"allow":["GET"]}}],"collection":[{"href":"https:\/\/www.fysiotjanst.fi\/fi\/wp-json\/wp\/v2\/pages"}],"about":[{"href":"https:\/\/www.fysiotjanst.fi\/fi\/wp-json\/wp\/v2\/types\/page"}],"author":[{"embeddable":true,"href":"https:\/\/www.fysiotjanst.fi\/fi\/wp-json\/wp\/v2\/users\/1"}],"replies":[{"embeddable":true,"href":"https:\/\/www.fysiotjanst.fi\/fi\/wp-json\/wp\/v2\/comments?post=129"}],"version-history":[{"count":0,"href":"https:\/\/www.fysiotjanst.fi\/fi\/wp-json\/wp\/v2\/pages\/129\/revisions"}],"up":[{"embeddable":true,"href":"https:\/\/www.fysiotjanst.fi\/fi\/wp-json\/wp\/v2\/pages\/14"}],"wp:attachment":[{"href":"https:\/\/www.fysiotjanst.fi\/fi\/wp-json\/wp\/v2\/media?parent=129"}],"curies":[{"name":"wp","href":"https:\/\/api.w.org\/{rel}","templated":true}]}}