{"id":131,"date":"2015-12-29T09:23:20","date_gmt":"2015-12-29T07:23:20","guid":{"rendered":"http:\/\/77.240.19.8\/~fysioadmin\/fi\/?page_id=131"},"modified":"2017-10-13T12:55:54","modified_gmt":"2017-10-13T09:55:54","slug":"kinesioteippaus","status":"publish","type":"page","link":"https:\/\/www.fysiotjanst.fi\/fi\/fysioterapiapalvelut\/kinesioteippaus\/","title":{"rendered":"Kinesioteippaus"},"content":{"rendered":"<p>Kinesioteippaus lyhent\u00e4\u00e4 kuntoutusaikoja ja v\u00e4hent\u00e4\u00e4 kipua. Teippaus on laajasti k\u00e4yt\u00f6ss\u00e4 urheilijoiden joukossa mutta k\u00e4ytet\u00e4\u00e4n laajasti nykyisin my\u00f6s fysioterapiassa.<\/p>\n<figure id=\"attachment_469\" aria-describedby=\"caption-attachment-469\" style=\"width: 200px\" class=\"wp-caption alignnone\"><a href=\"http:\/\/www.fysiotjanst.fi\/wp-content\/uploads\/2015\/10\/MG_7685_small.jpg\"><img loading=\"lazy\" decoding=\"async\" class=\"size-medium wp-image-469\" src=\"http:\/\/www.fysiotjanst.fi\/wp-content\/uploads\/2015\/10\/MG_7685_small-200x300.jpg\" alt=\"\" width=\"200\" height=\"300\" srcset=\"https:\/\/www.fysiotjanst.fi\/wp-content\/uploads\/2015\/10\/MG_7685_small-200x300.jpg 200w, https:\/\/www.fysiotjanst.fi\/wp-content\/uploads\/2015\/10\/MG_7685_small-768x1152.jpg 768w, https:\/\/www.fysiotjanst.fi\/wp-content\/uploads\/2015\/10\/MG_7685_small-683x1024.jpg 683w, https:\/\/www.fysiotjanst.fi\/wp-content\/uploads\/2015\/10\/MG_7685_small.jpg 2000w\" sizes=\"auto, (max-width: 200px) 100vw, 200px\" \/><\/a><figcaption id=\"caption-attachment-469\" class=\"wp-caption-text\">Teipattu olkap\u00e4\u00e4.<\/figcaption><\/figure>\n","protected":false},"excerpt":{"rendered":"<p>Kinesioteippaus lyhent\u00e4\u00e4 kuntoutusaikoja ja v\u00e4hent\u00e4\u00e4 kipua. Teippaus on laajasti k\u00e4yt\u00f6ss\u00e4 urheilijoiden joukossa mutta k\u00e4ytet\u00e4\u00e4n laajasti nykyisin my\u00f6s fysioterapiassa.<\/p>\n","protected":false},"author":1,"featured_media":0,"parent":14,"menu_order":5,"comment_status":"closed","ping_status":"closed","template":"","meta":{"_uag_custom_page_level_css":"","site-sidebar-layout":"default","site-content-layout":"","ast-site-content-layout":"default","site-content-style":"default","site-sidebar-style":"default","ast-global-header-display":"","ast-banner-title-visibility":"","ast-main-header-display":"","ast-hfb-above-header-display":"","ast-hfb-below-header-display":"","ast-hfb-mobile-header-display":"","site-post-title":"","ast-breadcrumbs-content":"","ast-featured-img":"","footer-sml-layout":"","ast-disable-related-posts":"","theme-transparent-header-meta":"","adv-header-id-meta":"","stick-header-meta":"","header-above-stick-meta":"","header-main-stick-meta":"","header-below-stick-meta":"","astra-migrate-meta-layouts":"default","ast-page-background-enabled":"default","ast-page-background-meta":{"desktop":{"background-color":"","background-image":"","background-repeat":"repeat","background-position":"center center","background-size":"auto","background-attachment":"scroll","background-type":"","background-media":"","overlay-type":"","overlay-color":"","overlay-opacity":"","overlay-gradient":""},"tablet":{"background-color":"","background-image":"","background-repeat":"repeat","background-position":"center center","background-size":"auto","background-attachment":"scroll","background-type":"","background-media":"","overlay-type":"","overlay-color":"","overlay-opacity":"","overlay-gradient":""},"mobile":{"background-color":"","background-image":"","background-repeat":"repeat","background-position":"center center","background-size":"auto","background-attachment":"scroll","background-type":"","background-media":"","overlay-type":"","overlay-color":"","overlay-opacity":"","overlay-gradient":""}},"ast-content-background-meta":{"desktop":{"background-color":"var(--ast-global-color-5)","background-image":"","background-repeat":"repeat","background-position":"center center","background-size":"auto","background-attachment":"scroll","background-type":"","background-media":"","overlay-type":"","overlay-color":"","overlay-opacity":"","overlay-gradient":""},"tablet":{"background-color":"var(--ast-global-color-5)","background-image":"","background-repeat":"repeat","background-position":"center center","background-size":"auto","background-attachment":"scroll","background-type":"","background-media":"","overlay-type":"","overlay-color":"","overlay-opacity":"","overlay-gradient":""},"mobile":{"background-color":"var(--ast-global-color-5)","background-image":"","background-repeat":"repeat","background-position":"center center","background-size":"auto","background-attachment":"scroll","background-type":"","background-media":"","overlay-type":"","overlay-color":"","overlay-opacity":"","overlay-gradient":""}},"footnotes":""},"class_list":["post-131","page","type-page","status-publish","hentry"],"uagb_featured_image_src":{"full":false,"thumbnail":false,"medium":false,"medium_large":false,"large":false,"1536x1536":false,"2048x2048":false},"uagb_author_info":{"display_name":"Frank","author_link":"https:\/\/www.fysiotjanst.fi\/fi\/author\/dzfrank\/"},"uagb_comment_info":0,"uagb_excerpt":"Kinesioteippaus lyhent\u00e4\u00e4 kuntoutusaikoja ja v\u00e4hent\u00e4\u00e4 kipua. Teippaus on laajasti k\u00e4yt\u00f6ss\u00e4 urheilijoiden joukossa mutta k\u00e4ytet\u00e4\u00e4n laajasti nykyisin my\u00f6s fysioterapiassa.","_links":{"self":[{"href":"https:\/\/www.fysiotjanst.fi\/fi\/wp-json\/wp\/v2\/pages\/131","targetHints":{"allow":["GET"]}}],"collection":[{"href":"https:\/\/www.fysiotjanst.fi\/fi\/wp-json\/wp\/v2\/pages"}],"about":[{"href":"https:\/\/www.fysiotjanst.fi\/fi\/wp-json\/wp\/v2\/types\/page"}],"author":[{"embeddable":true,"href":"https:\/\/www.fysiotjanst.fi\/fi\/wp-json\/wp\/v2\/users\/1"}],"replies":[{"embeddable":true,"href":"https:\/\/www.fysiotjanst.fi\/fi\/wp-json\/wp\/v2\/comments?post=131"}],"version-history":[{"count":0,"href":"https:\/\/www.fysiotjanst.fi\/fi\/wp-json\/wp\/v2\/pages\/131\/revisions"}],"up":[{"embeddable":true,"href":"https:\/\/www.fysiotjanst.fi\/fi\/wp-json\/wp\/v2\/pages\/14"}],"wp:attachment":[{"href":"https:\/\/www.fysiotjanst.fi\/fi\/wp-json\/wp\/v2\/media?parent=131"}],"curies":[{"name":"wp","href":"https:\/\/api.w.org\/{rel}","templated":true}]}}