{"id":139,"date":"2015-12-29T09:33:16","date_gmt":"2015-12-29T07:33:16","guid":{"rendered":"http:\/\/77.240.19.8\/~fysioadmin\/fi\/?page_id=139"},"modified":"2017-02-11T13:06:34","modified_gmt":"2017-02-11T11:06:34","slug":"kuntoiluryhmat","status":"publish","type":"page","link":"https:\/\/www.fysiotjanst.fi\/fi\/kuntoiluryhmat\/","title":{"rendered":"Kuntoiluryhm\u00e4t"},"content":{"rendered":"<p><a href=\"http:\/\/77.240.19.8\/~fysioadmin\/wp-content\/uploads\/2015\/12\/vattenjumpa.jpeg\" rel=\"attachment wp-att-215\"><img loading=\"lazy\" decoding=\"async\" class=\"alignright size-medium wp-image-215\" src=\"http:\/\/77.240.19.8\/~fysioadmin\/wp-content\/uploads\/2015\/12\/vattenjumpa-225x300.jpeg\" alt=\"Vesijumppa\" width=\"225\" height=\"300\" srcset=\"https:\/\/www.fysiotjanst.fi\/wp-content\/uploads\/2015\/12\/vattenjumpa-225x300.jpeg 225w, https:\/\/www.fysiotjanst.fi\/wp-content\/uploads\/2015\/12\/vattenjumpa-768x1024.jpeg 768w, https:\/\/www.fysiotjanst.fi\/wp-content\/uploads\/2015\/12\/vattenjumpa.jpeg 960w\" sizes=\"auto, (max-width: 225px) 100vw, 225px\" \/><\/a>Meill\u00e4 on iltaisin ohjattuja kuntoryhmi\u00e4 sek\u00e4 vesijumppaa. P\u00e4ivisin meill\u00e4 on erikoisryhm\u00e4 i\u00e4kk\u00e4ille (tasapaino ja lihasvoima). N\u00e4iden ryhmien lis\u00e4ksi yritykset ja yhdistykset voivat tilata omia ryhmi\u00e4.<\/p>\n<p>Kuntosalimme on k\u00e4ytett\u00e4viss\u00e4 ryhm\u00e4tuntien ulkopuolella my\u00f6s niille jotka haluavat harjoitella omatoimisesti. Tunteja l\u00f6ytyy runsaasti viikonaikana. Lis\u00e4tietoa milloin esim. sali on vapaa l\u00f6yd\u00e4t seuraavasta linkist\u00e4.<\/p>\n<p><a href=\"http:\/\/www.fysiotjanst.fi\/fi\/kuntoiluryhmat\/kuntosali\/\">http:\/\/www.fysiotjanst.fi\/fi\/kuntoiluryhmat\/kuntosali\/<\/a><\/p>\n<p>&nbsp;<\/p>\n","protected":false},"excerpt":{"rendered":"<p>Meill\u00e4 on iltaisin ohjattuja kuntoryhmi\u00e4 sek\u00e4 vesijumppaa. P\u00e4ivisin meill\u00e4 on erikoisryhm\u00e4 i\u00e4kk\u00e4ille (tasapaino ja lihasvoima). N\u00e4iden ryhmien lis\u00e4ksi yritykset ja yhdistykset voivat tilata omia ryhmi\u00e4. Kuntosalimme on k\u00e4ytett\u00e4viss\u00e4 ryhm\u00e4tuntien ulkopuolella my\u00f6s niille jotka haluavat harjoitella omatoimisesti. Tunteja l\u00f6ytyy runsaasti viikonaikana. Lis\u00e4tietoa milloin esim. sali on vapaa l\u00f6yd\u00e4t seuraavasta linkist\u00e4. http:\/\/www.fysiotjanst.fi\/fi\/kuntoiluryhmat\/kuntosali\/ &nbsp;<\/p>\n","protected":false},"author":1,"featured_media":0,"parent":0,"menu_order":2,"comment_status":"closed","ping_status":"closed","template":"","meta":{"_uag_custom_page_level_css":"","site-sidebar-layout":"default","site-content-layout":"","ast-site-content-layout":"default","site-content-style":"default","site-sidebar-style":"default","ast-global-header-display":"","ast-banner-title-visibility":"","ast-main-header-display":"","ast-hfb-above-header-display":"","ast-hfb-below-header-display":"","ast-hfb-mobile-header-display":"","site-post-title":"","ast-breadcrumbs-content":"","ast-featured-img":"","footer-sml-layout":"","ast-disable-related-posts":"","theme-transparent-header-meta":"","adv-header-id-meta":"","stick-header-meta":"","header-above-stick-meta":"","header-main-stick-meta":"","header-below-stick-meta":"","astra-migrate-meta-layouts":"default","ast-page-background-enabled":"default","ast-page-background-meta":{"desktop":{"background-color":"","background-image":"","background-repeat":"repeat","background-position":"center center","background-size":"auto","background-attachment":"scroll","background-type":"","background-media":"","overlay-type":"","overlay-color":"","overlay-opacity":"","overlay-gradient":""},"tablet":{"background-color":"","background-image":"","background-repeat":"repeat","background-position":"center center","background-size":"auto","background-attachment":"scroll","background-type":"","background-media":"","overlay-type":"","overlay-color":"","overlay-opacity":"","overlay-gradient":""},"mobile":{"background-color":"","background-image":"","background-repeat":"repeat","background-position":"center center","background-size":"auto","background-attachment":"scroll","background-type":"","background-media":"","overlay-type":"","overlay-color":"","overlay-opacity":"","overlay-gradient":""}},"ast-content-background-meta":{"desktop":{"background-color":"var(--ast-global-color-5)","background-image":"","background-repeat":"repeat","background-position":"center center","background-size":"auto","background-attachment":"scroll","background-type":"","background-media":"","overlay-type":"","overlay-color":"","overlay-opacity":"","overlay-gradient":""},"tablet":{"background-color":"var(--ast-global-color-5)","background-image":"","background-repeat":"repeat","background-position":"center center","background-size":"auto","background-attachment":"scroll","background-type":"","background-media":"","overlay-type":"","overlay-color":"","overlay-opacity":"","overlay-gradient":""},"mobile":{"background-color":"var(--ast-global-color-5)","background-image":"","background-repeat":"repeat","background-position":"center center","background-size":"auto","background-attachment":"scroll","background-type":"","background-media":"","overlay-type":"","overlay-color":"","overlay-opacity":"","overlay-gradient":""}},"footnotes":""},"class_list":["post-139","page","type-page","status-publish","hentry"],"uagb_featured_image_src":{"full":false,"thumbnail":false,"medium":false,"medium_large":false,"large":false,"1536x1536":false,"2048x2048":false},"uagb_author_info":{"display_name":"Frank","author_link":"https:\/\/www.fysiotjanst.fi\/fi\/author\/dzfrank\/"},"uagb_comment_info":0,"uagb_excerpt":"Meill\u00e4 on iltaisin ohjattuja kuntoryhmi\u00e4 sek\u00e4 vesijumppaa. P\u00e4ivisin meill\u00e4 on erikoisryhm\u00e4 i\u00e4kk\u00e4ille (tasapaino ja lihasvoima). N\u00e4iden ryhmien lis\u00e4ksi yritykset ja yhdistykset voivat tilata omia ryhmi\u00e4. Kuntosalimme on k\u00e4ytett\u00e4viss\u00e4 ryhm\u00e4tuntien ulkopuolella my\u00f6s niille jotka haluavat harjoitella omatoimisesti. Tunteja l\u00f6ytyy runsaasti viikonaikana. Lis\u00e4tietoa milloin esim. sali on vapaa l\u00f6yd\u00e4t seuraavasta linkist\u00e4. http:\/\/www.fysiotjanst.fi\/fi\/kuntoiluryhmat\/kuntosali\/ &nbsp;","_links":{"self":[{"href":"https:\/\/www.fysiotjanst.fi\/fi\/wp-json\/wp\/v2\/pages\/139","targetHints":{"allow":["GET"]}}],"collection":[{"href":"https:\/\/www.fysiotjanst.fi\/fi\/wp-json\/wp\/v2\/pages"}],"about":[{"href":"https:\/\/www.fysiotjanst.fi\/fi\/wp-json\/wp\/v2\/types\/page"}],"author":[{"embeddable":true,"href":"https:\/\/www.fysiotjanst.fi\/fi\/wp-json\/wp\/v2\/users\/1"}],"replies":[{"embeddable":true,"href":"https:\/\/www.fysiotjanst.fi\/fi\/wp-json\/wp\/v2\/comments?post=139"}],"version-history":[{"count":0,"href":"https:\/\/www.fysiotjanst.fi\/fi\/wp-json\/wp\/v2\/pages\/139\/revisions"}],"wp:attachment":[{"href":"https:\/\/www.fysiotjanst.fi\/fi\/wp-json\/wp\/v2\/media?parent=139"}],"curies":[{"name":"wp","href":"https:\/\/api.w.org\/{rel}","templated":true}]}}