{"id":5,"date":"2015-09-29T15:39:24","date_gmt":"2015-09-29T12:39:24","guid":{"rendered":"http:\/\/77.240.19.8\/~fysioadmin\/?page_id=5&#038;lang=fi"},"modified":"2025-03-24T12:54:02","modified_gmt":"2025-03-24T10:54:02","slug":"paraisten-fysiopalvelu","status":"publish","type":"page","link":"https:\/\/www.fysiotjanst.fi\/fi\/","title":{"rendered":"Paraisten Fysiopalvelu"},"content":{"rendered":"\n<div class=\"alignnormal\"><div id=\"metaslider-id-751\" style=\"width: 100%;\" class=\"ml-slider-3-108-0 metaslider metaslider-nivo metaslider-751 ml-slider has-dots-nav ms-theme-default\" role=\"region\" aria-label=\"Nytt bildspel\" data-height=\"480\" data-width=\"1200\">\n    <div id=\"metaslider_container_751\">\n        <div class='slider-wrapper theme-default'><div class='ribbon'><\/div><div id='metaslider_751' class='nivoSlider'><img loading=\"lazy\" decoding=\"async\" src=\"https:\/\/www.fysiotjanst.fi\/wp-content\/uploads\/2017\/01\/FysioTj\u00e4nst-k\u00e4llare-WEB-MRa-1200x480.jpg\" height=\"480\" width=\"1200\" title=\"FysioTj\u00e4nst k\u00e4llare WEB MRa\" alt=\"\" class=\"slider-751 slide-753 msDefaultImage\" \/><img loading=\"lazy\" decoding=\"async\" src=\"https:\/\/www.fysiotjanst.fi\/wp-content\/uploads\/2025\/03\/Nytt-nummer-1200x480.jpg\" height=\"480\" width=\"1200\" title=\"Nytt nummer\" alt=\"\" class=\"slider-751 slide-1576 msDefaultImage\" \/><\/div><\/div>\n        \n    <\/div>\n<\/div><\/div>\n\n\n\n<section class=\"wp-block-uagb-columns uagb-columns__wrap uagb-columns__background-none uagb-columns__stack-mobile uagb-columns__valign- uagb-columns__gap-0 align uagb-block-c76fe81b uagb-columns__columns-2 uagb-columns__max_width-theme\"><div class=\"uagb-columns__overlay\"><\/div><div class=\"uagb-columns__inner-wrap uagb-columns__columns-2\">\n<div class=\"wp-block-uagb-column uagb-column__wrap uagb-column__background-undefined uagb-block-e9a5dc02\"><div class=\"uagb-column__overlay\"><\/div>\n<h1 class=\"wp-block-heading\"> <strong>Paraisten Fysiopalvelu<\/strong> <\/h1>\n\n\n\n<p>Paraisten Fysiopalvelu on fysioterapiayritys Paraisten keskustassa jolla on yli 40 vuoden kokemus alasta. Hoidamme tuki- ja liikuntaelinvaivoja, neurologisia ongelmia, turvotuksia, lantionpohjan toimintah\u00e4iri\u00f6it\u00e4\/inkontinenssiongelmia, lihasj\u00e4nnityksi\u00e4, huimausta, urheiluvammoja jne. T\u00e4m\u00e4n lis\u00e4ksi tarjoamme my\u00f6s allasterapiaa, ty\u00f6fysioterapiapalveluja ja luentoja.<\/p>\n\n\n\n<p>Meille voit tulla l\u00e4\u00e4k\u00e4rin l\u00e4hetteell\u00e4 tai ilman ja teemme my\u00f6s kotik\u00e4yntej\u00e4. Meill\u00e4 on sopimus ostopalveluista KELAn, Varsinais Suomen Sairaanhoitopiirin, Paraisten Kaupungin ja muutamien vakuutusyhti\u00f6iden kanssa.<\/p>\n\n\n\n<h2 class=\"wp-block-heading\"><strong>Monipuolista fysioterapiaa <\/strong><\/h2>\n\n\n\n<p>Meill\u00e4 voit my\u00f6s harjoitella kuntosalilla ja osallistua ohjattuihin ryhmiin. Meill\u00e4 on kuntojumpparyhmi\u00e4, vesijumppaa sek\u00e4 i\u00e4kk\u00e4ille suunnattuja erikoisryhmi\u00e4.<\/p>\n\n\n\n<p>Myymme l\u00e4\u00e4kkinn\u00e4llisi\u00e4 tukisukkia, mittatilattuja tukisukkia, McKenzie selk\u00e4tukia, niskatyynyj\u00e4, kylm\u00e4pakkauksia, jumppakuminauhoja.<\/p>\n\n\n\n<h2 class=\"wp-block-heading\"><strong>Fysioterapiasta saa nyt kotitalousv\u00e4hennyst\u00e4<\/strong><\/h2>\n\n\n\n<p>Kotitalousv\u00e4hennyst\u00e4 voi nyt saada laillistetun fysioterapeutin toteuttamista fysioterapiapalveluista seuraavin ehdoin:<\/p>\n\n\n\n<ul class=\"wp-block-list\">\n<li>Palvelu tuotetaan asiakkaan kotona, vakituisessa tai vapaa-ajan asunnossa.<\/li>\n\n\n\n<li>Palvelun tuottaa ulkopuolinen henkil\u00f6, ei perheenj\u00e4sen tai samassa osoitteessa asuva henkil\u00f6.<\/li>\n\n\n\n<li>Kotitalousv\u00e4hennyst\u00e4 saa vain ty\u00f6n osuudesta, ei esimerkiksi matka-, tarvike- tai l\u00e4\u00e4kekuluista.<\/li>\n\n\n\n<li>Palvelu on hankittu jojo itselle tai perheenj\u00e4senelle (vanhemmat, puolison vanhemmat, kotona asuvat lapset).<\/li>\n<\/ul>\n<\/div>\n\n\n\n<div class=\"wp-block-uagb-column uagb-column__wrap uagb-column__background-undefined uagb-block-bf18b6b0\"><div class=\"uagb-column__overlay\"><\/div>\n<div class=\"wp-block-uagb-call-to-action uagb-block-38bac20a wp-block-button\"><div class=\"uagb-cta__wrap\"><h3 class=\"uagb-cta__title\">Nettiajanvaraus<\/h3><p class=\"uagb-cta__desc\">Varaa aika fysioterapiaan ja hierontaan helposti suoraan verkossa.<br>Jos sopivaa aikaa ei l\u00f6ydy, ota meihin puhelimitse yhteytt\u00e4 arkisin 050 47 111 48 niin varataan sinulle yhdess\u00e4 sopiva aika.<\/p><\/div><div class=\"uagb-cta__buttons\"><a href=\"https:\/\/www.nordhealth.fi\/fi\/yritys\/pargasfysiotjanst\" class=\"uagb-cta__button-link-wrapper wp-block-button__link\" target=\"_blank\" rel=\"noopener noreferrer\"><svg xmlns=\"https:\/\/www.w3.org\/2000\/svg\" viewBox=\"0 0 448 512\"><path d=\"M438.6 278.6l-160 160C272.4 444.9 264.2 448 256 448s-16.38-3.125-22.62-9.375c-12.5-12.5-12.5-32.75 0-45.25L338.8 288H32C14.33 288 .0016 273.7 .0016 256S14.33 224 32 224h306.8l-105.4-105.4c-12.5-12.5-12.5-32.75 0-45.25s32.75-12.5 45.25 0l160 160C451.1 245.9 451.1 266.1 438.6 278.6z\"><\/path><\/svg>Varaa t\u00e4st\u00e4<\/a><\/div><\/div>\n\n\n\n<div style=\"height:100px\" aria-hidden=\"true\" class=\"wp-block-spacer\"><\/div>\n\n\n<div class=\"cameronjonesweb_facebook_page_plugin\" data-version=\"1.9.2\" data-implementation=\"shortcode\" id=\"nlT30b5Tgs526Jg\" data-method=\"sdk\"><div id=\"fb-root\"><\/div><script async defer crossorigin=\"anonymous\" src=\"https:\/\/connect.facebook.net\/fi\/sdk.js#xfbml=1&version=v23.0\"><\/script><div class=\"fb-page\" data-href=\"https:\/\/facebook.com\/fysiotjanst\"  data-width=\"480\" data-max-width=\"480\" data-height=\"480\" data-hide-cover=\"false\" data-show-facepile=\"false\" data-tabs=\"timeline\" data-adapt-container-width=\"true\"><div class=\"fb-xfbml-parse-ignore\"><blockquote cite=\"https:\/\/www.facebook.com\/fysiotjanst\"><a href=\"https:\/\/www.facebook.com\/fysiotjanst\" target=\"_blank\" rel=\"noopener\">https:\/\/www.facebook.com\/fysiotjanst<\/a><\/blockquote><\/div><\/div><\/div>\n<\/div>\n<\/div><\/section>\n\n\n\n<section class=\"wp-block-uagb-columns uagb-columns__wrap uagb-columns__background-color uagb-columns__stack-mobile uagb-columns__valign- uagb-columns__gap-0 align uagb-block-0f4e0712 uagb-columns__columns-1 uagb-columns__max_width-theme\"><div class=\"uagb-columns__overlay\"><\/div><div class=\"uagb-columns__inner-wrap uagb-columns__columns-1\">\n<div class=\"wp-block-uagb-column uagb-column__wrap uagb-column__background-undefined uagb-block-82c0d65f\"><div class=\"uagb-column__overlay\"><\/div>\n\t\t\t<div class=\"wp-block-uagb-post-grid uagb-post-grid  uagb-post__image-position-top uagb-post__image-enabled uagb-block-7c434a20     uagb-post__items uagb-post__columns-3 is-grid uagb-post__columns-tablet-2 uagb-post__columns-mobile-1 uagb-post__equal-height\" data-total=\"14\" style=\"\">\n\n\t\t\t\t\t\t\t\t\t\t\t\t<article class=\"uagb-post__inner-wrap\">\t\t\t\t\t\t\t\t<h4 class=\"uagb-post__title uagb-post__text\">\n\t\t\t\t<a href=\"https:\/\/www.fysiotjanst.fi\/fi\/perjantaina-10-4-suljemme-klo-1230\/\" target=\"_self\" rel=\"bookmark noopener noreferrer\">Perjantaina 10.4 suljemme klo 12:30<\/a>\n\t\t\t<\/h4>\n\t\t\t\t\t\t<div class='uagb-post__text uagb-post-grid-byline'>\n\t\t\t\t\t\t\t\t<time datetime=\"2026-04-09T12:16:46+03:00\" class=\"uagb-post__date\">\n\t\t\t\t<span class=\"dashicons-calendar dashicons\"><\/span>\t\t\t\t\t9.4.2026\t\t\t\t<\/time>\n\t\t\t\t\t\t<\/div>\n\t\t\t\t\t\t\t<div class='uagb-post__text uagb-post__excerpt'>\n\t\t\t\t\t<p>Huomioi my\u00f6s ensi viikon aukioloajat, katso edellinen info.<\/p>\n\t\t\t\t<\/div>\n\t\t\t\n\t\t\t\t\t\t\t\t\t<\/article>\n\t\t\t\t\t\t\t\t\t\t\t\t\t\t\t\t<article class=\"uagb-post__inner-wrap\">\t\t\t\t\t\t\t\t<h4 class=\"uagb-post__title uagb-post__text\">\n\t\t\t\t<a href=\"https:\/\/www.fysiotjanst.fi\/fi\/aukioloajat-viikko-16-13-4-17-4\/\" target=\"_self\" rel=\"bookmark noopener noreferrer\">Aukioloajat viikkolla 16 (13.4 &#8211; 17.4)<\/a>\n\t\t\t<\/h4>\n\t\t\t\t\t\t<div class='uagb-post__text uagb-post-grid-byline'>\n\t\t\t\t\t\t\t\t<time datetime=\"2026-04-09T12:06:45+03:00\" class=\"uagb-post__date\">\n\t\t\t\t<span class=\"dashicons-calendar dashicons\"><\/span>\t\t\t\t\t9.4.2026\t\t\t\t<\/time>\n\t\t\t\t\t\t<\/div>\n\t\t\t\t\t\t\t<div class='uagb-post__text uagb-post__excerpt'>\n\t\t\t\t\t<p>Iltaryhm\u00e4t pidet\u00e4\u00e4n normaalisti. Maanantai 13.4 klo 8:00 &#8211; 12:45 Tiistai 14.4 klo 8:00 &#8211; 17:00 Keskiviikko 15.4 klo 8:00 &#8211; 18:30 Torstai 16.4 klo 10:30 &#8211; 17:00 Perjantai 17.4 klo 8:00 &#8211; 14:00<\/p>\n\t\t\t\t<\/div>\n\t\t\t\n\t\t\t\t\t\t\t\t\t<\/article>\n\t\t\t\t\t\t\t\t\t\t\t\t\t\t\t\t<article class=\"uagb-post__inner-wrap\">\t\t\t\t\t\t\t\t<h4 class=\"uagb-post__title uagb-post__text\">\n\t\t\t\t<a href=\"https:\/\/www.fysiotjanst.fi\/fi\/kuntoryhmat-ovat-alkaneet\/\" target=\"_self\" rel=\"bookmark noopener noreferrer\">Kuntoryhm\u00e4t ovat alkaneet!<\/a>\n\t\t\t<\/h4>\n\t\t\t\t\t\t<div class='uagb-post__text uagb-post-grid-byline'>\n\t\t\t\t\t\t\t\t<time datetime=\"2026-01-13T14:30:53+02:00\" class=\"uagb-post__date\">\n\t\t\t\t<span class=\"dashicons-calendar dashicons\"><\/span>\t\t\t\t\t13.1.2026\t\t\t\t<\/time>\n\t\t\t\t\t\t<\/div>\n\t\t\t\t\t\t\t<div class='uagb-post__text uagb-post__excerpt'>\n\t\t\t\t\t<p>Hyv\u00e4\u00e4 alkanutta uutta vuotta 2026! Kuntoryhm\u00e4t ovat alkaneet. Tervetuloa!<\/p>\n\t\t\t\t<\/div>\n\t\t\t\n\t\t\t\t\t\t\t\t\t<\/article>\n\t\t\t\t\t\t\t\t\t\t\t<\/div>\n\t\t\t<\/div>\n<\/div><\/section>\n","protected":false},"excerpt":{"rendered":"<p>Paraisten Fysiopalvelu Paraisten Fysiopalvelu on fysioterapiayritys Paraisten keskustassa jolla on yli 40 vuoden kokemus alasta. Hoidamme tuki- ja liikuntaelinvaivoja, neurologisia ongelmia, turvotuksia, lantionpohjan toimintah\u00e4iri\u00f6it\u00e4\/inkontinenssiongelmia, lihasj\u00e4nnityksi\u00e4, huimausta, urheiluvammoja jne. T\u00e4m\u00e4n lis\u00e4ksi tarjoamme my\u00f6s allasterapiaa, ty\u00f6fysioterapiapalveluja ja luentoja. Meille voit tulla l\u00e4\u00e4k\u00e4rin l\u00e4hetteell\u00e4 tai ilman ja teemme my\u00f6s kotik\u00e4yntej\u00e4. Meill\u00e4 on sopimus ostopalveluista KELAn, Varsinais Suomen Sairaanhoitopiirin, [&hellip;]<\/p>\n","protected":false},"author":1,"featured_media":0,"parent":0,"menu_order":0,"comment_status":"closed","ping_status":"closed","template":"","meta":{"_uag_custom_page_level_css":"","site-sidebar-layout":"default","site-content-layout":"default","ast-site-content-layout":"default","site-content-style":"default","site-sidebar-style":"default","ast-global-header-display":"","ast-banner-title-visibility":"","ast-main-header-display":"","ast-hfb-above-header-display":"","ast-hfb-below-header-display":"","ast-hfb-mobile-header-display":"","site-post-title":"disabled","ast-breadcrumbs-content":"","ast-featured-img":"","footer-sml-layout":"","ast-disable-related-posts":"","theme-transparent-header-meta":"default","adv-header-id-meta":"","stick-header-meta":"default","header-above-stick-meta":"","header-main-stick-meta":"","header-below-stick-meta":"","astra-migrate-meta-layouts":"set","ast-page-background-enabled":"default","ast-page-background-meta":{"desktop":{"background-color":"","background-image":"","background-repeat":"repeat","background-position":"center center","background-size":"auto","background-attachment":"scroll","background-type":"","background-media":"","overlay-type":"","overlay-color":"","overlay-opacity":"","overlay-gradient":""},"tablet":{"background-color":"","background-image":"","background-repeat":"repeat","background-position":"center center","background-size":"auto","background-attachment":"scroll","background-type":"","background-media":"","overlay-type":"","overlay-color":"","overlay-opacity":"","overlay-gradient":""},"mobile":{"background-color":"","background-image":"","background-repeat":"repeat","background-position":"center center","background-size":"auto","background-attachment":"scroll","background-type":"","background-media":"","overlay-type":"","overlay-color":"","overlay-opacity":"","overlay-gradient":""}},"ast-content-background-meta":{"desktop":{"background-color":"var(--ast-global-color-5)","background-image":"","background-repeat":"repeat","background-position":"center center","background-size":"auto","background-attachment":"scroll","background-type":"","background-media":"","overlay-type":"","overlay-color":"","overlay-opacity":"","overlay-gradient":""},"tablet":{"background-color":"var(--ast-global-color-5)","background-image":"","background-repeat":"repeat","background-position":"center center","background-size":"auto","background-attachment":"scroll","background-type":"","background-media":"","overlay-type":"","overlay-color":"","overlay-opacity":"","overlay-gradient":""},"mobile":{"background-color":"var(--ast-global-color-5)","background-image":"","background-repeat":"repeat","background-position":"center center","background-size":"auto","background-attachment":"scroll","background-type":"","background-media":"","overlay-type":"","overlay-color":"","overlay-opacity":"","overlay-gradient":""}},"footnotes":""},"class_list":["post-5","page","type-page","status-publish","hentry"],"uagb_featured_image_src":{"full":false,"thumbnail":false,"medium":false,"medium_large":false,"large":false,"1536x1536":false,"2048x2048":false},"uagb_author_info":{"display_name":"Frank","author_link":"https:\/\/www.fysiotjanst.fi\/fi\/author\/dzfrank\/"},"uagb_comment_info":0,"uagb_excerpt":"Paraisten Fysiopalvelu Paraisten Fysiopalvelu on fysioterapiayritys Paraisten keskustassa jolla on yli 40 vuoden kokemus alasta. Hoidamme tuki- ja liikuntaelinvaivoja, neurologisia ongelmia, turvotuksia, lantionpohjan toimintah\u00e4iri\u00f6it\u00e4\/inkontinenssiongelmia, lihasj\u00e4nnityksi\u00e4, huimausta, urheiluvammoja jne. T\u00e4m\u00e4n lis\u00e4ksi tarjoamme my\u00f6s allasterapiaa, ty\u00f6fysioterapiapalveluja ja luentoja. Meille voit tulla l\u00e4\u00e4k\u00e4rin l\u00e4hetteell\u00e4 tai ilman ja teemme my\u00f6s kotik\u00e4yntej\u00e4. Meill\u00e4 on sopimus ostopalveluista KELAn, Varsinais Suomen Sairaanhoitopiirin,&hellip;","_links":{"self":[{"href":"https:\/\/www.fysiotjanst.fi\/fi\/wp-json\/wp\/v2\/pages\/5","targetHints":{"allow":["GET"]}}],"collection":[{"href":"https:\/\/www.fysiotjanst.fi\/fi\/wp-json\/wp\/v2\/pages"}],"about":[{"href":"https:\/\/www.fysiotjanst.fi\/fi\/wp-json\/wp\/v2\/types\/page"}],"author":[{"embeddable":true,"href":"https:\/\/www.fysiotjanst.fi\/fi\/wp-json\/wp\/v2\/users\/1"}],"replies":[{"embeddable":true,"href":"https:\/\/www.fysiotjanst.fi\/fi\/wp-json\/wp\/v2\/comments?post=5"}],"version-history":[{"count":6,"href":"https:\/\/www.fysiotjanst.fi\/fi\/wp-json\/wp\/v2\/pages\/5\/revisions"}],"predecessor-version":[{"id":1579,"href":"https:\/\/www.fysiotjanst.fi\/fi\/wp-json\/wp\/v2\/pages\/5\/revisions\/1579"}],"wp:attachment":[{"href":"https:\/\/www.fysiotjanst.fi\/fi\/wp-json\/wp\/v2\/media?parent=5"}],"curies":[{"name":"wp","href":"https:\/\/api.w.org\/{rel}","templated":true}]}}