{"id":52,"date":"2015-10-26T14:30:13","date_gmt":"2015-10-26T12:30:13","guid":{"rendered":"http:\/\/77.240.19.8\/~fysioadmin\/fi\/?page_id=52"},"modified":"2016-01-10T22:25:43","modified_gmt":"2016-01-10T20:25:43","slug":"hyvanlaatuinen-asentohuimaus","status":"publish","type":"page","link":"https:\/\/www.fysiotjanst.fi\/fi\/fysioterapiapalvelut\/hyvanlaatuinen-asentohuimaus\/","title":{"rendered":"Hyv\u00e4nlaatuinen asentohuimaus"},"content":{"rendered":"<p><strong>Hyv\u00e4nlaatuinen asentohuimaus on tavallinen h\u00e4iri\u00f6 tasapainoelimiss\u00e4 ja tavallinen syy huimaukseen. Oireet ovat hyvin ep\u00e4miellytt\u00e4v\u00e4t mutta vaarattomat.<\/strong><\/p>\n<p>Asentohuimaus johtuu siit\u00e4 ett\u00e4 \u201dkristalleja\u201d irtoaa sis\u00e4korvan kaarik\u00e4yt\u00e4viss\u00e4 ja tarttuu v\u00e4\u00e4r\u00e4\u00e4n paikkaan. T\u00e4st\u00e4 johtuen sis\u00e4korvasta tulee v\u00e4\u00e4r\u00e4\u00e4 tietoa tasapainoelimeen. Hyv\u00e4nlaatuista asentohuimausta voi ilmet\u00e4 sen j\u00e4lkeen kun on ly\u00f6nyt p\u00e4\u00e4ns\u00e4 tai sairastanut \u201dtasapainohermon virusta\u201d, mutta usein ei l\u00f6ydet\u00e4 mit\u00e4\u00e4n syyt\u00e4.<\/p>\n<h3>Millaiset oireet?<\/h3>\n<p>Hyv\u00e4nlaatuinen asentohuimaus aiheuttaa usein huimauskohtauksia jotka kest\u00e4v\u00e4t muutamasta sekunnista puoleen minuuttiin. Oireet muistuttavat matkapahoinvointia. Vaikeuksia k\u00e4vell\u00e4 suoraan ja keskitt\u00e4\u00e4 katseensa ovat my\u00f6s tavallisia oireita.<\/p>\n<p>Oireet ilmenev\u00e4t usein aamulla kun k\u00e4\u00e4ntyy s\u00e4ngyss\u00e4, nousee istumaan tai menee selinmakuulle. T\u00e4ss\u00e4 voi tuntua att\u00e4 huone py\u00f6rii. Asentuhuimaus menee usein ohi itsest\u00e4\u00e4n muutamassa viikossa ja uusiutuu valitettavasti usein. <strong>Meill\u00e4 voit nopeasti saada apua hyv\u00e4nlaatuiseen asentohuimaukseen. K\u00e4yt\u00e4mm\u00e4 Tapani Rahkon kehitt\u00e4m\u00e4\u00e4 menetelm\u00e4\u00e4 kun diagnosoidaan ja hoidetaan hyv\u00e4nlaatuista asentohuimausa.<\/strong><\/p>\n","protected":false},"excerpt":{"rendered":"<p>Hyv\u00e4nlaatuinen asentohuimaus on tavallinen h\u00e4iri\u00f6 tasapainoelimiss\u00e4 ja tavallinen syy huimaukseen. Oireet ovat hyvin ep\u00e4miellytt\u00e4v\u00e4t mutta vaarattomat. Asentohuimaus johtuu siit\u00e4 ett\u00e4 \u201dkristalleja\u201d irtoaa sis\u00e4korvan kaarik\u00e4yt\u00e4viss\u00e4 ja tarttuu v\u00e4\u00e4r\u00e4\u00e4n paikkaan. T\u00e4st\u00e4 johtuen sis\u00e4korvasta tulee v\u00e4\u00e4r\u00e4\u00e4 tietoa tasapainoelimeen. Hyv\u00e4nlaatuista asentohuimausta voi ilmet\u00e4 sen j\u00e4lkeen kun on ly\u00f6nyt p\u00e4\u00e4ns\u00e4 tai sairastanut \u201dtasapainohermon virusta\u201d, mutta usein ei l\u00f6ydet\u00e4 mit\u00e4\u00e4n syyt\u00e4. [&hellip;]<\/p>\n","protected":false},"author":1,"featured_media":0,"parent":14,"menu_order":3,"comment_status":"closed","ping_status":"closed","template":"","meta":{"_uag_custom_page_level_css":"","site-sidebar-layout":"default","site-content-layout":"","ast-site-content-layout":"default","site-content-style":"default","site-sidebar-style":"default","ast-global-header-display":"","ast-banner-title-visibility":"","ast-main-header-display":"","ast-hfb-above-header-display":"","ast-hfb-below-header-display":"","ast-hfb-mobile-header-display":"","site-post-title":"","ast-breadcrumbs-content":"","ast-featured-img":"","footer-sml-layout":"","ast-disable-related-posts":"","theme-transparent-header-meta":"","adv-header-id-meta":"","stick-header-meta":"","header-above-stick-meta":"","header-main-stick-meta":"","header-below-stick-meta":"","astra-migrate-meta-layouts":"default","ast-page-background-enabled":"default","ast-page-background-meta":{"desktop":{"background-color":"","background-image":"","background-repeat":"repeat","background-position":"center center","background-size":"auto","background-attachment":"scroll","background-type":"","background-media":"","overlay-type":"","overlay-color":"","overlay-opacity":"","overlay-gradient":""},"tablet":{"background-color":"","background-image":"","background-repeat":"repeat","background-position":"center center","background-size":"auto","background-attachment":"scroll","background-type":"","background-media":"","overlay-type":"","overlay-color":"","overlay-opacity":"","overlay-gradient":""},"mobile":{"background-color":"","background-image":"","background-repeat":"repeat","background-position":"center center","background-size":"auto","background-attachment":"scroll","background-type":"","background-media":"","overlay-type":"","overlay-color":"","overlay-opacity":"","overlay-gradient":""}},"ast-content-background-meta":{"desktop":{"background-color":"var(--ast-global-color-5)","background-image":"","background-repeat":"repeat","background-position":"center center","background-size":"auto","background-attachment":"scroll","background-type":"","background-media":"","overlay-type":"","overlay-color":"","overlay-opacity":"","overlay-gradient":""},"tablet":{"background-color":"var(--ast-global-color-5)","background-image":"","background-repeat":"repeat","background-position":"center center","background-size":"auto","background-attachment":"scroll","background-type":"","background-media":"","overlay-type":"","overlay-color":"","overlay-opacity":"","overlay-gradient":""},"mobile":{"background-color":"var(--ast-global-color-5)","background-image":"","background-repeat":"repeat","background-position":"center center","background-size":"auto","background-attachment":"scroll","background-type":"","background-media":"","overlay-type":"","overlay-color":"","overlay-opacity":"","overlay-gradient":""}},"footnotes":""},"class_list":["post-52","page","type-page","status-publish","hentry"],"uagb_featured_image_src":{"full":false,"thumbnail":false,"medium":false,"medium_large":false,"large":false,"1536x1536":false,"2048x2048":false},"uagb_author_info":{"display_name":"Frank","author_link":"https:\/\/www.fysiotjanst.fi\/fi\/author\/dzfrank\/"},"uagb_comment_info":0,"uagb_excerpt":"Hyv\u00e4nlaatuinen asentohuimaus on tavallinen h\u00e4iri\u00f6 tasapainoelimiss\u00e4 ja tavallinen syy huimaukseen. Oireet ovat hyvin ep\u00e4miellytt\u00e4v\u00e4t mutta vaarattomat. Asentohuimaus johtuu siit\u00e4 ett\u00e4 \u201dkristalleja\u201d irtoaa sis\u00e4korvan kaarik\u00e4yt\u00e4viss\u00e4 ja tarttuu v\u00e4\u00e4r\u00e4\u00e4n paikkaan. T\u00e4st\u00e4 johtuen sis\u00e4korvasta tulee v\u00e4\u00e4r\u00e4\u00e4 tietoa tasapainoelimeen. Hyv\u00e4nlaatuista asentohuimausta voi ilmet\u00e4 sen j\u00e4lkeen kun on ly\u00f6nyt p\u00e4\u00e4ns\u00e4 tai sairastanut \u201dtasapainohermon virusta\u201d, mutta usein ei l\u00f6ydet\u00e4 mit\u00e4\u00e4n syyt\u00e4.&hellip;","_links":{"self":[{"href":"https:\/\/www.fysiotjanst.fi\/fi\/wp-json\/wp\/v2\/pages\/52","targetHints":{"allow":["GET"]}}],"collection":[{"href":"https:\/\/www.fysiotjanst.fi\/fi\/wp-json\/wp\/v2\/pages"}],"about":[{"href":"https:\/\/www.fysiotjanst.fi\/fi\/wp-json\/wp\/v2\/types\/page"}],"author":[{"embeddable":true,"href":"https:\/\/www.fysiotjanst.fi\/fi\/wp-json\/wp\/v2\/users\/1"}],"replies":[{"embeddable":true,"href":"https:\/\/www.fysiotjanst.fi\/fi\/wp-json\/wp\/v2\/comments?post=52"}],"version-history":[{"count":0,"href":"https:\/\/www.fysiotjanst.fi\/fi\/wp-json\/wp\/v2\/pages\/52\/revisions"}],"up":[{"embeddable":true,"href":"https:\/\/www.fysiotjanst.fi\/fi\/wp-json\/wp\/v2\/pages\/14"}],"wp:attachment":[{"href":"https:\/\/www.fysiotjanst.fi\/fi\/wp-json\/wp\/v2\/media?parent=52"}],"curies":[{"name":"wp","href":"https:\/\/api.w.org\/{rel}","templated":true}]}}